{"id":14840,"date":"2026-01-13T16:53:24","date_gmt":"2026-01-13T16:53:24","guid":{"rendered":"https:\/\/digitinstant.com\/cookie-richtlinie\/"},"modified":"2026-01-13T16:53:24","modified_gmt":"2026-01-13T16:53:24","slug":"cookie-richtlinie","status":"publish","type":"page","link":"https:\/\/digitinstant.com\/de\/cookie-richtlinie\/","title":{"rendered":"Cookie-Richtlinie"},"content":{"rendered":"<p>Cookie-Richtlinie<\/p>\n<p>Dieses Dokument informiert Nutzer \u00fcber die Technologien, die dieser Website helfen, die nachstehend beschriebenen Zwecke zu erf\u00fcllen. Solche Technologien erm\u00f6glichen es dem Betreiber, Informationen auf dem Ger\u00e4t eines Nutzers zu speichern oder darauf zuzugreifen (zum Beispiel durch Cookies) oder Ressourcen zu nutzen (zum Beispiel durch das Ausf\u00fchren eines Skripts), w\u00e4hrend Nutzer mit dieser Website interagieren.<\/p>\n<p>Der Einfachheit halber werden alle solchen Technologien in diesem Dokument als \u201eTracker\u201c bezeichnet, sofern keine Unterscheidung erforderlich ist. Beispielsweise k\u00f6nnen Cookies sowohl in Web- als auch in mobilen Browsern verwendet werden, w\u00e4hrend der Begriff \u201eCookies\u201c im Zusammenhang mit mobilen Apps technisch nicht immer zutreffend ist. Daher wird in diesem Dokument der Begriff Cookies nur verwendet, wenn ausdr\u00fccklich diese spezielle Art von Tracker gemeint ist.<\/p>\n<p>Einige Zwecke, f\u00fcr die Tracker eingesetzt werden, k\u00f6nnen \u2013 je nach anwendbarem Recht \u2013 die Einwilligung des Nutzers erfordern. Wenn eine Einwilligung erteilt wird, kann sie jederzeit gem\u00e4\u00df den in diesem Dokument beschriebenen Anweisungen widerrufen werden.<\/p>\n<p>Diese Website verwendet sowohl vom Betreiber direkt verwaltete Tracker (\u201eFirst-Party-Tracker\u201c) als auch Tracker von Drittanbietern (\u201eThird-Party-Tracker\u201c). Sofern nicht anders angegeben, k\u00f6nnen Drittanbieter auf die von ihnen verwalteten Tracker zugreifen. G\u00fcltigkeits- und Speicherdauer von Cookies und \u00e4hnlichen Trackern k\u00f6nnen je nach Anbieter variieren. Einige verfallen mit Beendigung der Browsersitzung. Genauere Informationen finden Nutzer in den Datenschutzerkl\u00e4rungen der jeweiligen Drittanbieter oder durch Kontaktaufnahme mit dem Betreiber.<\/p>\n<h2><strong>Unbedingt erforderliche Aktivit\u00e4ten f\u00fcr den Betrieb dieser Website und Bereitstellung des Dienstes<\/strong><\/h2>\n<p>Diese Website verwendet sogenannte technische Cookies und \u00e4hnliche Tracker, die f\u00fcr den Betrieb oder die Bereitstellung des Dienstes zwingend erforderlich sind.<\/p>\n<h3><strong>Drittanbieter-Tracker<\/strong><\/h3>\n<p>Diese Dienste helfen dem Betreiber, Tags oder Skripte zentral zu verwalten. Dadurch k\u00f6nnen Nutzerdaten durch diese Dienste verarbeitet und gegebenenfalls gespeichert werden.<\/p>\n<h3><strong>Google Tag Manager (Google Ireland Limited)<\/strong><\/h3>\n<p>Google Tag Manager ist ein Tag-Management-Dienst von Google Ireland Limited.<\/p>\n<p><strong>Verarbeitete personenbezogene Daten:<\/strong> Tracker und Nutzungsdaten.<br \/>\n<strong>Verarbeitungsort:<\/strong> Irland \u2013 <a href=\"https:\/\/policies.google.com\/privacy\">Datenschutzerkl\u00e4rung<\/a>.<\/p>\n<h3><strong>SPAM-Schutz<\/strong><\/h3>\n<p>Diese Dienste analysieren den Verkehr auf dieser Website, um SPAM, missbr\u00e4uchliche Inhalte oder sch\u00e4dliche Nachrichten zu erkennen und zu filtern.<\/p>\n<h3><strong>Google reCAPTCHA (Google Ireland Limited)<\/strong><\/h3>\n<p>Google reCAPTCHA ist ein SPAM-Schutz-Dienst von Google Ireland Limited. Die Nutzung unterliegt den Datenschutzbestimmungen und Nutzungsbedingungen von Google.<\/p>\n<p>Weitere Informationen zur Datennutzung durch Google finden Sie unter <a href=\"https:\/\/policies.google.com\/technologies\/partner-sites\">Google Partner-Richtlinie<\/a>.<\/p>\n<p><strong>Verarbeitete personenbezogene Daten:<\/strong> Antworten auf Fragen, Klicks, Tastatureingaben, Mausbewegungen, Scroll-Position, Touch-Ereignisse, Tracker und Nutzungsdaten.<br \/>\n<strong>Verarbeitungsort:<\/strong> Irland \u2013 <a href=\"https:\/\/policies.google.com\/privacy\">Datenschutzerkl\u00e4rung<\/a>.<\/p>\n<p><strong>Speicherdauer:<\/strong><br \/>\n_GRECAPTCHA: Dauer der Sitzung<br \/>\nrc::a: unbegrenzt<br \/>\nrc::b: Dauer der Sitzung<br \/>\nrc::c: Dauer der Sitzung<\/p>\n<h2><strong>Messung<\/strong><\/h2>\n<p>Diese Website verwendet Tracker zur Messung des Datenverkehrs und zur Analyse des Nutzerverhaltens, um den Dienst zu verbessern.<\/p>\n<h3><strong>Analyse<\/strong><\/h3>\n<h3><strong>Google Analytics 4 (Google Ireland Limited)<\/strong><\/h3>\n<p>Google Analytics 4 ist ein Webanalysedienst von Google Ireland Limited (\u201eGoogle\u201c). Google verwendet die erhobenen Daten zur Analyse der Nutzung dieser Website, zur Erstellung von Berichten und gegebenenfalls zur Personalisierung von Werbung.<\/p>\n<p>Weitere Informationen finden Sie in der <a href=\"https:\/\/policies.google.com\/technologies\/partner-sites\">Google Partner-Richtlinie<\/a>.<\/p>\n<p><strong>Verarbeitete personenbezogene Daten:<\/strong> Tracker und Nutzungsdaten.<br \/>\n<strong>Verarbeitungsort:<\/strong> Irland \u2013 <a href=\"https:\/\/policies.google.com\/privacy\">Datenschutzerkl\u00e4rung<\/a> \u2013 <a href=\"https:\/\/tools.google.com\/dlpage\/gaoptout\">Opt-Out<\/a>.<\/p>\n<p><strong>Speicherdauer:<\/strong><br \/>\n_ga: 2 Jahre<br \/>\n_ga_*: 2 Jahre<\/p>\n<h3>Meta Events Manager (Meta Platforms Ireland Limited)<\/h3>\n<p>Meta Events Manager ist ein Analysedienst von Meta Platforms Ireland Limited.<\/p>\n<p><strong>Verarbeitete personenbezogene Daten:<\/strong> Tracker und Nutzungsdaten.<br \/>\n<strong>Verarbeitungsort:<\/strong> Irland \u2013 <a href=\"https:\/\/www.facebook.com\/about\/privacy\">Datenschutzerkl\u00e4rung<\/a> \u2013 <a href=\"https:\/\/www.facebook.com\/ads\/preferences\">Opt-Out<\/a>.<\/p>\n<p><strong>Speicherdauer:<\/strong><br \/>\n_fbp: 3 Monate<\/p>\n<h3><strong>User-ID-Erweiterung f\u00fcr Google Analytics (Google Ireland Limited)<\/strong><\/h3>\n<p>Google Analytics nutzt auf dieser Website die Funktion User ID, um Nutzer \u00fcber verschiedene Sitzungen und Ger\u00e4te hinweg pr\u00e4ziser zuzuordnen.<\/p>\n<p><strong>Verarbeitete personenbezogene Daten:<\/strong> Tracker.<br \/>\n<strong>Verarbeitungsort:<\/strong> Irland \u2013 <a href=\"https:\/\/policies.google.com\/privacy\">Datenschutzerkl\u00e4rung<\/a> \u2013 <a href=\"https:\/\/tools.google.com\/dlpage\/gaoptout\">Opt-Out<\/a>.<\/p>\n<h3><strong>Marketing<\/strong><\/h3>\n<p>Diese Website verwendet Tracker, um personalisierte Marketinginhalte bereitzustellen sowie Werbung zu betreiben, auszuliefern und zu messen.<\/p>\n<h2><strong>Verwaltung von Pr\u00e4ferenzen und Widerruf der Einwilligung<\/strong><\/h2>\n<p>Nutzer k\u00f6nnen ihre Tracker-Einstellungen \u00fcber Ger\u00e4teeinstellungen, Cookie-Banner, Datenschutz-Widgets oder Browser-Einstellungen verwalten und Einwilligungen jederzeit widerrufen.<\/p>\n<h3><strong>Cookie-Einstellungen in Browsern<\/strong><\/h3>\n<ul>\n<li><strong><a href=\"https:\/\/support.google.com\/chrome\/answer\/95647\">Google Chrome<\/a><\/strong><\/li>\n<li><strong><a href=\"https:\/\/support.mozilla.org\/en-US\/kb\/enable-and-disable-cookies-website-preferences\">Mozilla Firefox<\/a><\/strong><\/li>\n<li><strong><a href=\"https:\/\/support.apple.com\/en-us\/HT201265\">Apple Safari<\/a><\/strong><\/li>\n<li><strong><a href=\"https:\/\/support.microsoft.com\/en-us\/topic\/how-to-delete-cookie-files-in-internet-explorer-bca9446f-d873-78de-77ba-d42645fa52fc\">Microsoft Internet Explorer<\/a><\/strong><\/li>\n<li><strong><a href=\"https:\/\/support.microsoft.com\/en-us\/microsoft-edge\/delete-cookies-in-microsoft-edge-63947406-40ac-c3b8-57b9-2a946a29ae09\">Microsoft Edge<\/a><\/strong><\/li>\n<li><strong><a href=\"https:\/\/support.brave.com\/hc\/en-us\/articles\/360022806212-How-Do-I-Manage-Cookies-In-Brave-\">Brave<\/a><\/strong><\/li>\n<li><strong><a href=\"https:\/\/help.opera.com\/en\/latest\/web-preferences\/#cookies\">Opera<\/a><\/strong><\/li>\n<\/ul>\n<h2><strong>Abmeldung von interessenbasierter Werbung<\/strong><\/h2>\n<p>Nutzer k\u00f6nnen zus\u00e4tzliche Opt-Out-M\u00f6glichkeiten \u00fcber folgende Dienste nutzen:<\/p>\n<p><a href=\"https:\/\/www.youronlinechoices.com\/\">YourOnlineChoices<\/a><br \/>\n<a href=\"https:\/\/optout.networkadvertising.org\/\">Network Advertising Initiative<\/a><br \/>\n<a href=\"https:\/\/optout.aboutads.info\/\">Digital Advertising Alliance<\/a><br \/>\n<a href=\"https:\/\/youradchoices.ca\/en\/tools\">DAAC<\/a><br \/>\n<a href=\"https:\/\/www.ddai.info\/optout\">DDAI<\/a><\/p>\n<p>Zus\u00e4tzlich bietet <a href=\"https:\/\/youradchoices.com\/appchoices\">AppChoices<\/a> eine App zur Verwaltung interessenbasierter Werbung in mobilen Apps.<\/p>\n<h2><strong>Folgen der Ablehnung von Trackern<\/strong><\/h2>\n<p>Nutzer k\u00f6nnen selbst entscheiden, ob sie Tracker zulassen. Bitte beachten Sie jedoch, dass einige Funktionen dieser Website ohne Tracker m\u00f6glicherweise nicht oder nur eingeschr\u00e4nkt verf\u00fcgbar sind.<\/p>\n<h2><strong>Betreiber und Verantwortlicher<\/strong><\/h2>\n<p><strong>DIGITINSTANT LTD<\/strong><br \/>\n2 Frederick Street, Kings Cross, London, United Kingdom, WC1X 0ND<br \/>\ncontact@digitinstant.com<\/p>\n<p>Da die Nutzung von Drittanbieter-Trackern nicht vollst\u00e4ndig vom Betreiber kontrolliert werden kann, sind Verweise auf solche Tracker als indikativ zu verstehen. F\u00fcr vollst\u00e4ndige Informationen konsultieren Sie bitte die Datenschutzerkl\u00e4rungen der jeweiligen Drittanbieter.<\/p>\n<p>Aufgrund der Komplexit\u00e4t moderner Tracking-Technologien werden Nutzer ermutigt, sich bei weiteren Fragen zur Nutzung solcher Technologien direkt an den Betreiber zu wenden.<\/p>\n","protected":false},"excerpt":{"rendered":"<p>Cookie-Richtlinie Dieses Dokument informiert Nutzer \u00fcber die Technologien, die dieser Website helfen, die nachstehend beschriebenen Zwecke zu erf\u00fcllen. Solche Technologien erm\u00f6glichen es dem Betreiber, Informationen auf dem Ger\u00e4t eines Nutzers&hellip;<\/p>\n","protected":false},"author":1,"featured_media":0,"parent":0,"menu_order":0,"comment_status":"closed","ping_status":"closed","template":"","meta":{"footnotes":""},"class_list":["post-14840","page","type-page","status-publish","hentry"],"jetpack_sharing_enabled":true,"_links":{"self":[{"href":"https:\/\/digitinstant.com\/de\/wp-json\/wp\/v2\/pages\/14840","targetHints":{"allow":["GET"]}}],"collection":[{"href":"https:\/\/digitinstant.com\/de\/wp-json\/wp\/v2\/pages"}],"about":[{"href":"https:\/\/digitinstant.com\/de\/wp-json\/wp\/v2\/types\/page"}],"author":[{"embeddable":true,"href":"https:\/\/digitinstant.com\/de\/wp-json\/wp\/v2\/users\/1"}],"replies":[{"embeddable":true,"href":"https:\/\/digitinstant.com\/de\/wp-json\/wp\/v2\/comments?post=14840"}],"version-history":[{"count":0,"href":"https:\/\/digitinstant.com\/de\/wp-json\/wp\/v2\/pages\/14840\/revisions"}],"wp:attachment":[{"href":"https:\/\/digitinstant.com\/de\/wp-json\/wp\/v2\/media?parent=14840"}],"curies":[{"name":"wp","href":"https:\/\/api.w.org\/{rel}","templated":true}]}}