{"id":14853,"date":"2022-01-21T16:20:04","date_gmt":"2022-01-21T16:20:04","guid":{"rendered":"https:\/\/digitinstant.com\/startseite\/"},"modified":"2026-04-20T18:13:26","modified_gmt":"2026-04-20T18:13:26","slug":"startseite","status":"publish","type":"page","link":"https:\/\/digitinstant.com\/de\/","title":{"rendered":"Startseite"},"content":{"rendered":"\t\t<div data-elementor-type=\"wp-page\" data-elementor-id=\"14853\" class=\"elementor elementor-14853 elementor-2403\">\n\t\t\t\t\t\t<section class=\"elementor-section elementor-top-section elementor-element elementor-element-6ec7ad2 elementor-section-full_width elementor-section-height-default elementor-section-height-default\" data-id=\"6ec7ad2\" data-element_type=\"section\" data-e-type=\"section\">\n\t\t\t\t\t\t<div class=\"elementor-container elementor-column-gap-default\">\n\t\t\t\t\t<div class=\"elementor-column elementor-col-100 elementor-top-column elementor-element elementor-element-9f55f5f\" data-id=\"9f55f5f\" data-element_type=\"column\" data-e-type=\"column\">\n\t\t\t<div class=\"elementor-widget-wrap elementor-element-populated\">\n\t\t\t\t\t\t<div class=\"elementor-element elementor-element-5f9a747 elementor-widget elementor-widget-slider_revolution\" data-id=\"5f9a747\" data-element_type=\"widget\" data-e-type=\"widget\" data-widget_type=\"slider_revolution.default\">\n\t\t\t\t<div class=\"elementor-widget-container\">\n\t\t\t\t\t\n\t\t<div class=\"wp-block-themepunch-revslider\">\n\t\t\t<!-- START Slider 1 REVOLUTION SLIDER 6.7.40 --><p class=\"rs-p-wp-fix\"><\/p>\n\t\t\t<rs-module-wrap id=\"rev_slider_3_1_wrapper\" data-source=\"gallery\" style=\"visibility:hidden;background:transparent;padding:0;margin:0px auto;margin-top:0;margin-bottom:0;\">\n\t\t\t\t<rs-module id=\"rev_slider_3_1\" style=\"\" data-version=\"6.7.40\">\n\t\t\t\t\t<rs-slides style=\"overflow: hidden; position: absolute;\">\n\t\t\t\t\t\t<rs-slide style=\"position: absolute;\" data-key=\"rs-5\" data-title=\"Slide\" data-in=\"o:0;\" data-out=\"a:false;\">\n\t\t\t\t\t\t\t<img decoding=\"async\" src=\"\/\/digitinstant.com\/wp-content\/plugins\/revslider\/sr6\/assets\/assets\/dummy.png\" alt=\"Slide\" title=\"Startseite\" class=\"rev-slidebg tp-rs-img rs-lazyload\" data-lazyload=\"\/\/digitinstant.com\/wp-content\/plugins\/revslider\/sr6\/assets\/assets\/transparent.png\" data-bg=\"c:#ffffff;\" data-no-retina>\n<!--\n\t\t\t\t\t\t\t--><rs-layer\n\t\t\t\t\t\t\t\tid=\"slider-3-slide-5-layer-0\" \n\t\t\t\t\t\t\t\tdata-type=\"text\"\n\t\t\t\t\t\t\t\tdata-color=\"#2f373e\"\n\t\t\t\t\t\t\t\tdata-rsp_ch=\"on\"\n\t\t\t\t\t\t\t\tdata-xy=\"x:50px;y:c;yo:-100px;\"\n\t\t\t\t\t\t\t\tdata-text=\"w:normal;s:60;l:60;fw:700;\"\n\t\t\t\t\t\t\t\tdata-frame_999=\"o:0;st:w;\"\n\t\t\t\t\t\t\t\tstyle=\"z-index:5;font-family:'Roboto';\"\n\t\t\t\t\t\t\t>Boost your<br \/>\nProductivity \n\t\t\t\t\t\t\t<\/rs-layer><!--\n\n\t\t\t\t\t\t\t--><rs-layer\n\t\t\t\t\t\t\t\tid=\"slider-3-slide-5-layer-1\" \n\t\t\t\t\t\t\t\tdata-type=\"text\"\n\t\t\t\t\t\t\t\tdata-color=\"#2f373e\"\n\t\t\t\t\t\t\t\tdata-rsp_ch=\"on\"\n\t\t\t\t\t\t\t\tdata-xy=\"x:50px;y:c;yo:50px;\"\n\t\t\t\t\t\t\t\tdata-text=\"w:normal;s:18;fw:500;\"\n\t\t\t\t\t\t\t\tdata-frame_999=\"o:0;st:w;\"\n\t\t\t\t\t\t\t\tstyle=\"z-index:6;font-family:'Roboto';\"\n\t\t\t\t\t\t\t>We bring you a reliable and satisfying <br \/>\nexperience on the software products <br \/>\nthat you need to stay productive during<br \/>\nyour daily tasks. \n\t\t\t\t\t\t\t<\/rs-layer><!--\n\n\t\t\t\t\t\t\t--><rs-layer\n\t\t\t\t\t\t\t\tid=\"slider-3-slide-5-layer-2\" \n\t\t\t\t\t\t\t\tclass=\"rev-btn\"\n\t\t\t\t\t\t\t\tdata-type=\"button\"\n\t\t\t\t\t\t\t\tdata-color=\"#ffffff\"\n\t\t\t\t\t\t\t\tdata-rsp_ch=\"on\"\n\t\t\t\t\t\t\t\tdata-xy=\"x:50px;y:c;yo:160px;\"\n\t\t\t\t\t\t\t\tdata-text=\"w:normal;s:18;l:50;fw:500;\"\n\t\t\t\t\t\t\t\tdata-dim=\"minh:0px;\"\n\t\t\t\t\t\t\t\tdata-padding=\"r:40;l:40;\"\n\t\t\t\t\t\t\t\tdata-border=\"bor:3px,3px,3px,3px;\"\n\t\t\t\t\t\t\t\tdata-frame_999=\"o:0;st:w;\"\n\t\t\t\t\t\t\t\tdata-frame_hover=\"bgc:#007aff;bor:3px,3px,3px,3px;sp:100;e:power1.inOut;bri:120%;\"\n\t\t\t\t\t\t\t\tstyle=\"z-index:7;background-color:#007aff;font-family:'Roboto';\"\n\t\t\t\t\t\t\t>Explore Products \n\t\t\t\t\t\t\t<\/rs-layer><!--\n\n\t\t\t\t\t\t\t--><rs-layer\n\t\t\t\t\t\t\t\tid=\"slider-3-slide-5-layer-3\" \n\t\t\t\t\t\t\t\tdata-type=\"image\"\n\t\t\t\t\t\t\t\tdata-rsp_ch=\"on\"\n\t\t\t\t\t\t\t\tdata-xy=\"x:r;xo:50px;y:c;\"\n\t\t\t\t\t\t\t\tdata-text=\"w:normal;\"\n\t\t\t\t\t\t\t\tdata-dim=\"w:728px;h:485px;\"\n\t\t\t\t\t\t\t\tdata-frame_999=\"o:0;st:w;\"\n\t\t\t\t\t\t\t\tstyle=\"z-index:8;\"\n\t\t\t\t\t\t\t><img fetchpriority=\"high\" decoding=\"async\" src=\"\/\/digitinstant.com\/wp-content\/plugins\/revslider\/sr6\/assets\/assets\/dummy.png\" alt=\"\" class=\"tp-rs-img rs-lazyload\" width=\"1500\" height=\"1000\" data-lazyload=\"\/\/digitinstant.com\/wp-content\/uploads\/2022\/01\/header002.png\" data-no-retina> \n\t\t\t\t\t\t\t<\/rs-layer><!--\n-->\t\t\t\t\t<\/rs-slide>\n\t\t\t\t\t<\/rs-slides>\n\t\t\t\t<\/rs-module>\n\t\t\t\t<script data-jetpack-boost=\"ignore\">\n\t\t\t\t\tsetREVStartSize({c: 'rev_slider_3_1',rl:[1240,1024,778,480],el:[500],gw:[1240],gh:[500],type:'standard',justify:'',layout:'fullwidth',mh:\"0\"});if (window.RS_MODULES!==undefined && window.RS_MODULES.modules!==undefined && window.RS_MODULES.modules[\"revslider31\"]!==undefined) {window.RS_MODULES.modules[\"revslider31\"].once = false;window.revapi3 = undefined;if (window.RS_MODULES.checkMinimal!==undefined) window.RS_MODULES.checkMinimal()}\n\t\t\t\t<\/script>\n\t\t\t<\/rs-module-wrap>\n\t\t\t<!-- END REVOLUTION SLIDER -->\n<\/div>\n\n\t\t\t\t\t\t<\/div>\n\t\t\t\t<\/div>\n\t\t\t\t\t<\/div>\n\t\t<\/div>\n\t\t\t\t\t<\/div>\n\t\t<\/section>\n\t\t\t\t<section class=\"elementor-section elementor-top-section elementor-element elementor-element-ae219ef elementor-section-full_width elementor-section-stretched elementor-section-height-default elementor-section-height-default\" data-id=\"ae219ef\" data-element_type=\"section\" data-e-type=\"section\" data-settings=\"{&quot;stretch_section&quot;:&quot;section-stretched&quot;}\">\n\t\t\t\t\t\t<div class=\"elementor-container elementor-column-gap-default\">\n\t\t\t\t\t<div class=\"elementor-column elementor-col-100 elementor-top-column elementor-element elementor-element-8dad85e\" data-id=\"8dad85e\" data-element_type=\"column\" data-e-type=\"column\">\n\t\t\t<div class=\"elementor-widget-wrap elementor-element-populated\">\n\t\t\t\t\t\t<div class=\"elementor-element elementor-element-f094e2b elementor-widget elementor-widget-html\" data-id=\"f094e2b\" data-element_type=\"widget\" data-e-type=\"widget\" data-widget_type=\"html.default\">\n\t\t\t\t<div class=\"elementor-widget-container\">\n\t\t\t\t\t<style>\r\n  .ok-brand-strip {\r\n    display: flex;\r\n    flex-wrap: wrap;\r\n    align-items: center;\r\n    justify-content: center;\r\n    gap: 32px;\r\n    margin: 20px 0px 0px 0px;\r\n    padding: 20px 0;\r\n    background: #F2F4F7;\r\n  }\r\n\r\n  .ok-brand-strip img {\r\n    width: 180px;\r\n    height: auto;\r\n    display: block;\r\n  }\r\n\r\n  @media (max-width: 600px) {\r\n    .ok-brand-strip {\r\n      gap: 18px;\r\n    }\r\n\r\n    .ok-brand-strip img {\r\n      width: 130px;\r\n    }\r\n  }\r\n<\/style>\r\n\r\n<div class=\"ok-brand-strip\">\r\n<img decoding=\"async\" style=\"width: 180px; height: auto; display: block;\" src=\"https:\/\/omegakeys.co.uk\/wp-content\/uploads\/2025\/07\/microsoft-certified-partner-2.png\" alt=\"Microsoft\" \/>\r\n\r\n<img decoding=\"async\" style=\"width: 180px; height: auto; display: block;\" src=\"https:\/\/omegakeys.co.uk\/wp-content\/uploads\/2025\/12\/trustpilot-review-logo.png\" alt=\"Trustpilot\" \/>\r\n\r\n<img decoding=\"async\" style=\"width: 180px; height: auto; display: block;\" src=\"https:\/\/omegakeys.co.uk\/wp-content\/uploads\/2025\/12\/kelkoo.png\" alt=\"Kelkoo\" \/>\r\n\r\n<img decoding=\"async\" style=\"width: 180px; height: auto; display: block;\" src=\"https:\/\/omegakeys.co.uk\/wp-content\/uploads\/2025\/12\/ciao.png\" alt=\"ciao\" \/>\r\n\r\n<img decoding=\"async\" style=\"width: 180px; height: auto; display: block;\" src=\"https:\/\/omegakeys.co.uk\/wp-content\/uploads\/2025\/12\/trusted-shops.png\" alt=\"trusted-shops\" \/>\r\n\r\n<\/div>\t\t\t\t<\/div>\n\t\t\t\t<\/div>\n\t\t\t\t\t<\/div>\n\t\t<\/div>\n\t\t\t\t\t<\/div>\n\t\t<\/section>\n\t\t\t\t<section class=\"elementor-section elementor-top-section elementor-element elementor-element-99360cf elementor-section-full_width elementor-section-height-default elementor-section-height-default\" data-id=\"99360cf\" data-element_type=\"section\" data-e-type=\"section\">\n\t\t\t\t\t\t<div class=\"elementor-container elementor-column-gap-default\">\n\t\t\t\t\t<div class=\"elementor-column elementor-col-100 elementor-top-column elementor-element elementor-element-21f9f01\" data-id=\"21f9f01\" data-element_type=\"column\" data-e-type=\"column\">\n\t\t\t<div class=\"elementor-widget-wrap elementor-element-populated\">\n\t\t\t\t\t\t<div class=\"elementor-element elementor-element-38a6277 elementor-widget elementor-widget-html\" data-id=\"38a6277\" data-element_type=\"widget\" data-e-type=\"widget\" data-widget_type=\"html.default\">\n\t\t\t\t<div class=\"elementor-widget-container\">\n\t\t\t\t\t<!-- Verified icon definition (put this once, anywhere before the section) -->\r\n<svg style=\"position:absolute;width:0;height:0;overflow:hidden;\" aria-hidden=\"true\" focusable=\"false\">\r\n  <symbol id=\"ok-verified-icon\" viewBox=\"0 0 14 14\" xmlns=\"http:\/\/www.w3.org\/2000\/svg\">\r\n    <path fill-rule=\"evenodd\" clip-rule=\"evenodd\"\r\n      d=\"M7 14C10.866 14 14 10.866 14 7C14 3.13401 10.866 0 7 0C3.13401 0 0 3.13401 0 7C0 10.866 3.13401 14 7 14ZM6.09217 7.81401L9.20311 4.7031C9.44874 4.45757 9.84688 4.45757 10.0923 4.7031C10.338 4.94864 10.338 5.34673 10.0923 5.59226L6.62009 9.06448C6.59573 9.10283 6.56682 9.13912 6.53333 9.17256C6.28787 9.41821 5.88965 9.41821 5.64402 9.17256L3.7059 7.11031C3.46046 6.86464 3.46046 6.46669 3.7059 6.22102C3.95154 5.97548 4.34968 5.97548 4.59512 6.22102L6.09217 7.81401Z\"\r\n      fill=\"currentColor\" \/>\r\n  <\/symbol>\r\n<\/svg>\r\n\r\n<section class=\"ok-reviews\">\r\n  <button class=\"ok-arrow ok-arrow-left\" type=\"button\">&#10094;<\/button>\r\n  <button class=\"ok-arrow ok-arrow-right\" type=\"button\">&#10095;<\/button>\r\n\r\n  <div class=\"ok-reviews-track\" id=\"okReviewsTrack\">\r\n\r\n    <div class=\"ok-review-card\">\r\n      <div class=\"ok-card-header\">\r\n        <div class=\"ok-stars\">\u2605\u2605\u2605\u2605\u2605<\/div>\r\n        <div class=\"ok-verified\">\r\n          <span class=\"ok-verified-icon\" aria-hidden=\"true\">\r\n            <svg viewBox=\"0 0 14 14\">\r\n              <use href=\"#ok-verified-icon\"><\/use>\r\n            <\/svg>\r\n          <\/span>\r\n          Verifiziert\r\n        <\/div>\r\n      <\/div>\r\n      <div class=\"ok-review-meta\">5. Aug. 2024 \u00b7 Kenneth S.<\/div>\r\n      <div class=\"ok-review-text\">\r\n        Gro\u00dfartiger Service, tolle Preise und der technische Chat war hervorragend. Sie haben mir geholfen, meinen Kauf auf einem anderen Computer wiederherzustellen.\r\n      <\/div>\r\n    <\/div>\r\n\r\n    <div class=\"ok-review-card\">\r\n      <div class=\"ok-card-header\">\r\n        <div class=\"ok-stars\">\u2605\u2605\u2605\u2605\u2605<\/div>\r\n        <div class=\"ok-verified\">\r\n          <span class=\"ok-verified-icon\" aria-hidden=\"true\">\r\n            <svg viewBox=\"0 0 14 14\">\r\n              <use href=\"#ok-verified-icon\"><\/use>\r\n            <\/svg>\r\n          <\/span>\r\n          Verifiziert\r\n        <\/div>\r\n      <\/div>\r\n      <div class=\"ok-review-meta\">1. Juli 2024 \u00b7 Karen M.<\/div>\r\n      <div class=\"ok-review-text\">\r\n        Als jemand mit wenig technischem Wissen bin ich sehr beeindruckt von dem Support, den ich erhalten habe. Der Preis war niedriger als bei anderen Anbietern, und der Support war deutlich besser.\r\n      <\/div>\r\n    <\/div>\r\n\r\n    <div class=\"ok-review-card\">\r\n      <div class=\"ok-card-header\">\r\n        <div class=\"ok-stars\">\u2605\u2605\u2605\u2605\u2605<\/div>\r\n        <div class=\"ok-verified\">\r\n          <span class=\"ok-verified-icon\" aria-hidden=\"true\">\r\n            <svg viewBox=\"0 0 14 14\">\r\n              <use href=\"#ok-verified-icon\"><\/use>\r\n            <\/svg>\r\n          <\/span>\r\n          Verifiziert\r\n        <\/div>\r\n      <\/div>\r\n      <div class=\"ok-review-meta\">23. Juni 2024 \u00b7 Douglas A.<\/div>\r\n      <div class=\"ok-review-text\">\r\n        Sara hat mir geholfen, alle Schwierigkeiten zu l\u00f6sen, die ich beim Herunterladen auf meinen Mac hatte. Jetzt kann ich die Software als Anf\u00e4nger nutzen.\r\n      <\/div>\r\n    <\/div>\r\n\r\n    <div class=\"ok-review-card\">\r\n      <div class=\"ok-card-header\">\r\n        <div class=\"ok-stars\">\u2605\u2605\u2605\u2605\u2605<\/div>\r\n        <div class=\"ok-verified\">\r\n          <span class=\"ok-verified-icon\" aria-hidden=\"true\">\r\n            <svg viewBox=\"0 0 14 14\">\r\n              <use href=\"#ok-verified-icon\"><\/use>\r\n            <\/svg>\r\n          <\/span>\r\n          Verifiziert\r\n        <\/div>\r\n      <\/div>\r\n      <div class=\"ok-review-meta\">30. Mai 2024 \u00b7 Global Vision Inc<\/div>\r\n      <div class=\"ok-review-text\">\r\n        Ich hatte ein kleines Problem mit der Software und dem Wechsel auf einen anderen Computer, und Adam konnte das sofort l\u00f6sen. Der Kundenservice ist fantastisch, und ich werde Digital Instant weiterhin nutzen. Vielen Dank.\r\n      <\/div>\r\n    <\/div>\r\n    \r\n    <div class=\"ok-review-card\">\r\n      <div class=\"ok-card-header\">\r\n        <div class=\"ok-stars\">\u2605\u2605\u2605\u2605\u2605<\/div>\r\n        <div class=\"ok-verified\">\r\n          <span class=\"ok-verified-icon\" aria-hidden=\"true\">\r\n            <svg viewBox=\"0 0 14 14\">\r\n              <use href=\"#ok-verified-icon\"><\/use>\r\n            <\/svg>\r\n          <\/span>\r\n          Verifiziert\r\n        <\/div>\r\n      <\/div>\r\n      <div class=\"ok-review-meta\">29. Mai 2024 \u00b7 Samuel H.<\/div>\r\n      <div class=\"ok-review-text\">\r\n       Ich habe einen Fehler gemacht. Ich habe nach meiner E-Mail-Adresse die falsche Website eingegeben. Als ich dann keine Best\u00e4tigungs-E-Mail oder sonst etwas bekam und nur die Belastung auf meiner Karte sah, bekam ich PANIK. Aber es lag daran, dass ich versucht hatte, eine alte E-Mail-Adresse zu verwenden. Ich bin soooo dumm.\r\n      <\/div>\r\n    <\/div>\r\n    \r\n    <div class=\"ok-review-card\">\r\n      <div class=\"ok-card-header\">\r\n        <div class=\"ok-stars\">\u2605\u2605\u2605\u2605\u2605<\/div>\r\n        <div class=\"ok-verified\">\r\n          <span class=\"ok-verified-icon\" aria-hidden=\"true\">\r\n            <svg viewBox=\"0 0 14 14\">\r\n              <use href=\"#ok-verified-icon\"><\/use>\r\n            <\/svg>\r\n          <\/span>\r\n          Verifiziert\r\n        <\/div>\r\n      <\/div>\r\n      <div class=\"ok-review-meta\">23. Apr. 2024 \u00b7 Tom S.<\/div>\r\n      <div class=\"ok-review-text\">\r\n       Ich hatte Schwierigkeiten bei der Installation des Programms, das ich gekauft hatte, was an meinen begrenzten Kenntnissen als 85-J\u00e4hriger mit etwas nachlassender geistiger Fitness lag. Sara hatte die Geduld, mich durch meine Probleme zu begleiten und mir alles funktionsf\u00e4hig einzurichten. 5 Sterne.\r\n      <\/div>\r\n    <\/div>\r\n\r\n  <\/div>\r\n<\/section>\r\n\r\n<script>\r\ndocument.addEventListener('DOMContentLoaded', function () {\r\n  const track = document.getElementById('okReviewsTrack');\r\n  const originalCards = Array.from(track.children);\r\n  if (!originalCards.length) return;\r\n\r\n  const gap = 24; \/\/ same as CSS gap\r\n  const cardWidth = originalCards[0].offsetWidth + gap;\r\n  const originalCount = originalCards.length;\r\n\r\n  \/\/ 1) Clone cards to both ends\r\n  originalCards.forEach(card => {\r\n    track.appendChild(card.cloneNode(true));                    \/\/ to the end\r\n    track.insertBefore(card.cloneNode(true), track.firstChild); \/\/ to the start\r\n  });\r\n\r\n  \/\/ 2) Start in the middle block (the original cards)\r\n  track.scrollLeft = cardWidth * originalCount;\r\n\r\n  function ensureLeftInfinite() {\r\n    const leftLimit = cardWidth; \/\/ small buffer\r\n    if (track.scrollLeft <= leftLimit) {\r\n      track.style.scrollBehavior = 'auto';\r\n      track.scrollLeft += cardWidth * originalCount;\r\n      track.style.scrollBehavior = 'smooth';\r\n    }\r\n  }\r\n\r\n  function ensureRightInfinite() {\r\n    const rightLimit = cardWidth * (originalCount * 2); \/\/ end of middle block\r\n    if (track.scrollLeft >= rightLimit) {\r\n      track.style.scrollBehavior = 'auto';\r\n      track.scrollLeft -= cardWidth * originalCount;\r\n      track.style.scrollBehavior = 'smooth';\r\n    }\r\n  }\r\n\r\n  const leftArrow = document.querySelector('.ok-arrow-left');\r\n  const rightArrow = document.querySelector('.ok-arrow-right');\r\n\r\n  if (leftArrow) {\r\n    leftArrow.addEventListener('click', () => {\r\n      ensureLeftInfinite();\r\n      track.scrollBy({ left: -cardWidth, behavior: 'smooth' });\r\n    });\r\n  }\r\n\r\n  if (rightArrow) {\r\n    rightArrow.addEventListener('click', () => {\r\n      ensureRightInfinite();\r\n      track.scrollBy({ left: cardWidth, behavior: 'smooth' });\r\n    });\r\n  }\r\n});\r\n<\/script>\t\t\t\t<\/div>\n\t\t\t\t<\/div>\n\t\t\t\t<div class=\"elementor-element elementor-element-6b37803 elementor-widget elementor-widget-text-editor\" data-id=\"6b37803\" data-element_type=\"widget\" data-e-type=\"widget\" data-widget_type=\"text-editor.default\">\n\t\t\t\t<div class=\"elementor-widget-container\">\n\t\t\t\t\t\t\t\t\t<h2 style=\"text-align: center;\">Bestseller, \u00fcber Jahre bew\u00e4hrt<\/h2>\n<p><\/p>\n<p class=\"p1\" style=\"text-align: center;\">Von Kunden dauerhaft top-bewertet und von unserem Team sorgf\u00e4ltig aufgrund von Zuverl\u00e4ssigkeit und Preis-Leistungs-Verh\u00e4ltnis ausgew\u00e4hlt.<\/p>\n\t\t\t\t\t\t\t\t<\/div>\n\t\t\t\t<\/div>\n\t\t\t\t<div class=\"elementor-element elementor-element-d06d207 elementor-widget elementor-widget-konte-products-grid\" data-id=\"d06d207\" data-element_type=\"widget\" data-e-type=\"widget\" data-widget_type=\"konte-products-grid.default\">\n\t\t\t\t<div class=\"elementor-widget-container\">\n\t\t\t\t\t\t\t<div class=\"konte-product-grid konte-products konte-product-grid--elementor\">\n\t\t\t<div class=\"woocommerce columns-3 \"><\/div>\t\t<\/div>\n\t\t\t\t\t\t<\/div>\n\t\t\t\t<\/div>\n\t\t\t\t<div class=\"elementor-element elementor-element-a34e6d5 elementor-widget elementor-widget-html\" data-id=\"a34e6d5\" data-element_type=\"widget\" data-e-type=\"widget\" data-widget_type=\"html.default\">\n\t\t\t\t<div class=\"elementor-widget-container\">\n\t\t\t\t\t<style>\r\n  .ok-brand-strip {\r\n    display: flex;\r\n    flex-wrap: wrap;\r\n    align-items: center;\r\n    justify-content: center;\r\n    gap: 32px;\r\n    margin: 0px 0px 0px 0px;\r\n    padding: 20px 0;\r\n    background: #f2f2f2;\r\n  }\r\n\r\n  .ok-brand-strip img {\r\n    width: 150px;\r\n    height: auto;\r\n    display: block;\r\n  }\r\n\r\n  @media (max-width: 600px) {\r\n    .ok-brand-strip {\r\n      gap: 18px;\r\n    }\r\n\r\n    .ok-brand-strip img {\r\n      width: 130px;\r\n    }\r\n  }\r\n<\/style>\r\n\r\n<div class=\"ok-brand-strip\">\r\n  <img decoding=\"async\" src=\"https:\/\/omegakeys.co.uk\/wp-content\/uploads\/2025\/12\/autodesk-logo.png\" alt=\"Microsoft\">\r\n  <img decoding=\"async\" src=\"https:\/\/omegakeys.co.uk\/wp-content\/uploads\/2025\/12\/microsoft-logo.png\" alt=\"trustpilot\">\r\n  <img decoding=\"async\" src=\"https:\/\/omegakeys.co.uk\/wp-content\/uploads\/2025\/12\/windows-logo.png\" alt=\"kelkoo\">\r\n  <img decoding=\"async\" src=\"https:\/\/omegakeys.co.uk\/wp-content\/uploads\/2025\/12\/kaspersky-logo.png\" alt=\"ciao\">\r\n  <img decoding=\"async\" src=\"https:\/\/omegakeys.co.uk\/wp-content\/uploads\/2025\/12\/mcafee-logo.png\" alt=\"trusted-shops\">\r\n  <img decoding=\"async\" src=\"https:\/\/omegakeys.co.uk\/wp-content\/uploads\/2025\/12\/avast-logo.png\" alt=\"trusted-shops\">\r\n<\/div>\t\t\t\t<\/div>\n\t\t\t\t<\/div>\n\t\t\t\t<div class=\"elementor-element elementor-element-930f88d elementor-widget elementor-widget-text-editor\" data-id=\"930f88d\" data-element_type=\"widget\" data-e-type=\"widget\" data-widget_type=\"text-editor.default\">\n\t\t\t\t<div class=\"elementor-widget-container\">\n\t\t\t\t\t\t\t\t\t<h2 style=\"text-align: center;\">Warum Kunden Digital Instant vertrauen<\/h2>\n<p><\/p>\n<p class=\"p1\" style=\"text-align: center;\">Schnelle Lieferung, sichere Zahlungen und zuverl\u00e4ssige digitale Lizenzen, denen Kunden weltweit vertrauen.<\/p>\n\t\t\t\t\t\t\t\t<\/div>\n\t\t\t\t<\/div>\n\t\t\t\t<div class=\"elementor-element elementor-element-37b282a elementor-widget elementor-widget-html\" data-id=\"37b282a\" data-element_type=\"widget\" data-e-type=\"widget\" data-widget_type=\"html.default\">\n\t\t\t\t<div class=\"elementor-widget-container\">\n\t\t\t\t\t<div class=\"home-benefits-container\">\r\n    <div class=\"home-benefit-box\">\r\n        <img decoding=\"async\" src=\"https:\/\/omegakeys.co.uk\/wp-content\/uploads\/2025\/07\/verified-reseller.png\" style=\"max-width:64px;\">\r\n        <h2>Authentische digitale Lizenzen<\/h2>\r\n        <p>Digital Instant liefert echte, verifizierte Softwarelizenzen aus vertrauensw\u00fcrdigen Quellen f\u00fcr volle Funktionalit\u00e4t und zuverl\u00e4ssige Aktivierung.<\/p>\r\n    <\/div>\r\n\r\n    <div class=\"home-benefit-box\">\r\n        <img decoding=\"async\" src=\"https:\/\/omegakeys.co.uk\/wp-content\/uploads\/2025\/07\/secure-delivery.png\" style=\"max-width:64px;\">\r\n        <h2>Gro\u00dfe Software-Auswahl<\/h2>\r\n        <p>Entdecken Sie eine breite Auswahl digitaler Produkte, darunter Betriebssysteme, Office-Software, Sicherheitsl\u00f6sungen und professionelle Tools.<\/p>\r\n    <\/div>\r\n\r\n    <div class=\"home-benefit-box\">\r\n        <img decoding=\"async\" src=\"https:\/\/omegakeys.co.uk\/wp-content\/uploads\/2025\/07\/real-support.png\" style=\"max-width:64px;\">\r\n        <h2>Schneller Kundensupport<\/h2>\r\n        <p>Unser Support-Team unterst\u00fctzt Sie bei Einrichtung, Aktivierung und technischen Fragen f\u00fcr einen reibungslosen Ablauf.<\/p>\r\n    <\/div>\r\n<\/div>\r\n\r\n<div class=\"home-benefits-container\">\r\n    <div class=\"home-benefit-box\">\r\n        <img decoding=\"async\" src=\"https:\/\/omegakeys.co.uk\/wp-content\/uploads\/2025\/07\/genuine-licensing-only.png\" style=\"max-width:64px;\">\r\n        <h2>Sichere Zahlungsabwicklung<\/h2>\r\n        <p>Alle Zahlungen werden verschl\u00fcsselt verarbeitet und \u00fcber vertrauensw\u00fcrdige Zahlungsanbieter sicher abgewickelt.<\/p>\r\n    <\/div>\r\n\r\n    <div class=\"home-benefit-box\">\r\n        <img decoding=\"async\" src=\"https:\/\/omegakeys.co.uk\/wp-content\/uploads\/2025\/07\/multilingual-support.png\" style=\"max-width:64px;\">\r\n        <h2>Sofortige digitale Lieferung<\/h2>\r\n        <p>Ihr Lizenzschl\u00fcssel und die Download-Anleitung werden direkt nach dem Kauf versendet, damit Sie sofort starten k\u00f6nnen.<\/p>\r\n    <\/div>\r\n\r\n    <div class=\"home-benefit-box\">\r\n        <img decoding=\"async\" src=\"https:\/\/omegakeys.co.uk\/wp-content\/uploads\/2025\/07\/smart-it-for-small-teams.png\" style=\"max-width:64px;\">\r\n        <h2>Klare und transparente Prozesse<\/h2>\r\n        <p>Digital Instant bietet klare Produktinformationen, faire Richtlinien und transparente Lizenzangaben bei jedem Kauf.<\/p>\r\n    <\/div>\r\n<\/div>\t\t\t\t<\/div>\n\t\t\t\t<\/div>\n\t\t\t\t<div class=\"elementor-element elementor-element-642cfc9 elementor-widget elementor-widget-text-editor\" data-id=\"642cfc9\" data-element_type=\"widget\" data-e-type=\"widget\" data-widget_type=\"text-editor.default\">\n\t\t\t\t<div class=\"elementor-widget-container\">\n\t\t\t\t\t\t\t\t\t<h2 style=\"text-align: center;\">Erhalten Sie Ihre Software in 3 einfachen, schnellen und sicheren Schritten<\/h2>\n<p><\/p>\n<p class=\"p1\" style=\"text-align: center;\">Mehr als 10.000 Kunden vertrauen Omega Keys f\u00fcr sofortige Lieferung, originale Lizenzen und eine reibungslose Installation.<\/p>\n\t\t\t\t\t\t\t\t<\/div>\n\t\t\t\t<\/div>\n\t\t\t\t<div class=\"elementor-element elementor-element-ca790e2 elementor-widget elementor-widget-html\" data-id=\"ca790e2\" data-element_type=\"widget\" data-e-type=\"widget\" data-widget_type=\"html.default\">\n\t\t\t\t<div class=\"elementor-widget-container\">\n\t\t\t\t\t<div class=\"home-steps-container\">\r\n    <div class=\"home-step-box\">\r\n        <img decoding=\"async\" src=\"https:\/\/omegakeys.co.uk\/wp-content\/uploads\/2025\/12\/one.png\" style=\"max-width:64px;\">\r\n        <h2>Sicher bestellen<\/h2>\r\n        <p>W\u00e4hlen Sie Ihre Software und schlie\u00dfen Sie den Kauf \u00fcber unseren SSL-gesch\u00fctzten Checkout mit sicheren Zahlungsmethoden ab.<\/p>\r\n    <\/div>\r\n\r\n    <div class=\"home-step-box\">\r\n        <img decoding=\"async\" src=\"https:\/\/omegakeys.co.uk\/wp-content\/uploads\/2025\/12\/two.png\" style=\"max-width:64px;\">\r\n        <h2>Sofortigen Download erhalten<\/h2>\r\n        <p>Direkt nach der Zahlung erhalten Sie Ihren Produktschl\u00fcssel und den offiziellen Download-Link sofort per Bildschirm und E-Mail.<\/p>\r\n    <\/div>\r\n\r\n    <div class=\"home-step-box\">\r\n        <img decoding=\"async\" src=\"https:\/\/omegakeys.co.uk\/wp-content\/uploads\/2025\/12\/three.png\" style=\"max-width:64px;\">\r\n        <h2>Einfach installieren und aktivieren<\/h2>\r\n        <p>Starten Sie die Installation, geben Sie Ihren Produktschl\u00fcssel ein und schlie\u00dfen Sie die Aktivierung ab. Unser Support hilft bei Bedarf.<\/p>\r\n    <\/div>\r\n<\/div>\t\t\t\t<\/div>\n\t\t\t\t<\/div>\n\t\t\t\t\t<\/div>\n\t\t<\/div>\n\t\t\t\t\t<\/div>\n\t\t<\/section>\n\t\t\t\t<\/div>\n\t\t","protected":false},"excerpt":{"rendered":"<p>&#10094; &#10095; \u2605\u2605\u2605\u2605\u2605 Verifiziert 5. Aug. 2024 \u00b7 Kenneth S. Gro\u00dfartiger Service, tolle Preise und der technische Chat war hervorragend. Sie haben mir geholfen, meinen Kauf auf einem anderen Computer&hellip;<\/p>\n","protected":false},"author":1,"featured_media":0,"parent":0,"menu_order":0,"comment_status":"closed","ping_status":"closed","template":"","meta":{"footnotes":""},"class_list":["post-14853","page","type-page","status-publish","hentry"],"jetpack_sharing_enabled":true,"_links":{"self":[{"href":"https:\/\/digitinstant.com\/de\/wp-json\/wp\/v2\/pages\/14853","targetHints":{"allow":["GET"]}}],"collection":[{"href":"https:\/\/digitinstant.com\/de\/wp-json\/wp\/v2\/pages"}],"about":[{"href":"https:\/\/digitinstant.com\/de\/wp-json\/wp\/v2\/types\/page"}],"author":[{"embeddable":true,"href":"https:\/\/digitinstant.com\/de\/wp-json\/wp\/v2\/users\/1"}],"replies":[{"embeddable":true,"href":"https:\/\/digitinstant.com\/de\/wp-json\/wp\/v2\/comments?post=14853"}],"version-history":[{"count":1,"href":"https:\/\/digitinstant.com\/de\/wp-json\/wp\/v2\/pages\/14853\/revisions"}],"predecessor-version":[{"id":14854,"href":"https:\/\/digitinstant.com\/de\/wp-json\/wp\/v2\/pages\/14853\/revisions\/14854"}],"wp:attachment":[{"href":"https:\/\/digitinstant.com\/de\/wp-json\/wp\/v2\/media?parent=14853"}],"curies":[{"name":"wp","href":"https:\/\/api.w.org\/{rel}","templated":true}]}}