{"id":14855,"date":"2026-02-04T14:38:41","date_gmt":"2026-02-04T14:38:41","guid":{"rendered":"https:\/\/digitinstant.com\/autodesk-anleitungen\/"},"modified":"2026-04-21T18:08:07","modified_gmt":"2026-04-21T18:08:07","slug":"autodesk-anleitungen","status":"publish","type":"page","link":"https:\/\/digitinstant.com\/de\/autodesk-anleitungen\/","title":{"rendered":"Autodesk-Anleitungen"},"content":{"rendered":"\t\t<div data-elementor-type=\"wp-page\" data-elementor-id=\"14855\" class=\"elementor elementor-14855 elementor-14327\">\n\t\t\t\t\t\t<section class=\"elementor-section elementor-top-section elementor-element elementor-element-4743197 elementor-section-boxed elementor-section-height-default elementor-section-height-default\" data-id=\"4743197\" data-element_type=\"section\" data-e-type=\"section\">\n\t\t\t\t\t\t<div class=\"elementor-container elementor-column-gap-default\">\n\t\t\t\t\t<div class=\"elementor-column elementor-col-100 elementor-top-column elementor-element elementor-element-4e190df\" data-id=\"4e190df\" data-element_type=\"column\" data-e-type=\"column\">\n\t\t\t<div class=\"elementor-widget-wrap elementor-element-populated\">\n\t\t\t\t\t\t<div class=\"elementor-element elementor-element-d875027 elementor-widget elementor-widget-konte-message-box\" data-id=\"d875027\" data-element_type=\"widget\" data-e-type=\"widget\" data-widget_type=\"konte-message-box.default\">\n\t\t\t\t<div class=\"elementor-widget-container\">\n\t\t\t\t\t\t\t<div class=\"konte-message-box konte-message-box--elementor konte-message-box--info info closeable\">\n\t\t\t<span class=\"konte-message-box__icon svg-icon icon-info\">\n\t\t\t\t<svg width=\"40\" height=\"40\"><use xlink:href=\"#information\"><\/use><\/svg>\t\t\t<\/span>\n\t\t\t<div class=\"konte-message-box__content\">Bestellungen au\u00dferhalb unserer Bearbeitungszeiten (10:00\u201318:00 CET \/ UTC+1) werden vollst\u00e4ndig best\u00e4tigt und sicher f\u00fcr das n\u00e4chste Bearbeitungsfenster vorgemerkt. Ihre Lizenz wird automatisch zugestellt, sobald unser Fulfillment-Team den Betrieb um 10:00 CET wieder aufnimmt. Diese kurze Verz\u00f6gerung ist v\u00f6llig normal und stellt sicher, dass jedes Autodesk-Produkt ordnungsgem\u00e4\u00df gepr\u00fcft und sicher Ihrem Autodesk-Konto zugewiesen wird.<\/div>\n\t\t\t<a class=\"konte-message-box__close close\" href=\"#\"><span class=\"svg-icon icon-close\"><svg width=\"24\" height=\"24\"><use xlink:href=\"#close\"><\/use><\/svg><\/span><\/a>\t\t<\/div>\n\t\t\t\t\t\t<\/div>\n\t\t\t\t<\/div>\n\t\t\t\t<div class=\"elementor-element elementor-element-d8ccf20 elementor-widget elementor-widget-konte-message-box\" data-id=\"d8ccf20\" data-element_type=\"widget\" data-e-type=\"widget\" data-widget_type=\"konte-message-box.default\">\n\t\t\t\t<div class=\"elementor-widget-container\">\n\t\t\t\t\t\t\t<div class=\"konte-message-box konte-message-box--elementor konte-message-box--warning warning closeable\">\n\t\t\t<span class=\"konte-message-box__icon svg-icon icon-warning\">\n\t\t\t\t<svg width=\"40\" height=\"40\"><use xlink:href=\"#warning\"><\/use><\/svg>\t\t\t<\/span>\n\t\t\t<div class=\"konte-message-box__content\">Falls Sie weder eine E-Mail von Digital Instant noch von Autodesk erhalten haben und sich auch nichts im Spam-Ordner befindet, wurde m\u00f6glicherweise beim Checkout Ihre E-Mail-Adresse falsch eingegeben. Bitte pr\u00fcfen Sie die Best\u00e4tigungsseite und kontaktieren Sie umgehend unser Support-Team unter contact@digitinstant.com, damit wir dies korrigieren k\u00f6nnen.<\/div>\n\t\t\t<a class=\"konte-message-box__close close\" href=\"#\"><span class=\"svg-icon icon-close\"><svg width=\"24\" height=\"24\"><use xlink:href=\"#close\"><\/use><\/svg><\/span><\/a>\t\t<\/div>\n\t\t\t\t\t\t<\/div>\n\t\t\t\t<\/div>\n\t\t\t\t<div class=\"elementor-element elementor-element-2b8ba79 elementor-widget elementor-widget-text-editor\" data-id=\"2b8ba79\" data-element_type=\"widget\" data-e-type=\"widget\" data-widget_type=\"text-editor.default\">\n\t\t\t\t<div class=\"elementor-widget-container\">\n\t\t\t\t\t\t\t\t\tBei Digital Instant sorgen wir f\u00fcr einen reibungslosen Ablauf beim Erhalt und der Aktivierung Ihres Autodesk-Produkts. Folgen Sie dieser Schritt-f\u00fcr-Schritt-Anleitung, um auf Ihren Kauf zuzugreifen und ihn zu aktivieren.<br><br><h2>Schritt 1: Erhalt Ihres Autodesk-Produkts<\/h2><br><h3>Bestellbearbeitung & E-Mail-Benachrichtigung<\/h3><br>Sobald Sie eine Bestellung aufgeben, f\u00fcgt unser Team das Produkt der E-Mail-Adresse hinzu, die Sie beim Checkout verwendet haben.<br><br>Kurz darauf erhalten Sie eine E-Mail von Autodesk, in der best\u00e4tigt wird, dass das Produkt hinzugef\u00fcgt wurde und zur Aktivierung bereitsteht. Der Inhalt dieser E-Mail kann unterschiedlich ausfallen, je nachdem, ob mit dieser E-Mail-Adresse bereits ein Autodesk-Konto verkn\u00fcpft ist.\t\t\t\t\t\t\t\t<\/div>\n\t\t\t\t<\/div>\n\t\t\t\t<div class=\"elementor-element elementor-element-18f6847 elementor-widget elementor-widget-konte-message-box\" data-id=\"18f6847\" data-element_type=\"widget\" data-e-type=\"widget\" data-widget_type=\"konte-message-box.default\">\n\t\t\t\t<div class=\"elementor-widget-container\">\n\t\t\t\t\t\t\t<div class=\"konte-message-box konte-message-box--elementor konte-message-box--warning warning closeable\">\n\t\t\t<span class=\"konte-message-box__icon svg-icon icon-warning\">\n\t\t\t\t<svg width=\"40\" height=\"40\"><use xlink:href=\"#warning\"><\/use><\/svg>\t\t\t<\/span>\n\t\t\t<div class=\"konte-message-box__content\">Es ist zwingend erforderlich, dass Sie f\u00fcr Ihren Kauf und Ihr Autodesk-Konto dieselbe E-Mail-Adresse verwenden. Die Softwarelizenz wird direkt mit der E-Mail-Adresse verkn\u00fcpft, die Sie beim Checkout angegeben haben, und Autodesk weist das Produkt genau dieser E-Mail-Adresse zu. Wenn Sie eine andere E-Mail-Adresse verwenden, erscheint das Produkt nicht in Ihrem Autodesk-Konto und eine Aktivierung ist nicht m\u00f6glich.<\/div>\n\t\t\t<a class=\"konte-message-box__close close\" href=\"#\"><span class=\"svg-icon icon-close\"><svg width=\"24\" height=\"24\"><use xlink:href=\"#close\"><\/use><\/svg><\/span><\/a>\t\t<\/div>\n\t\t\t\t\t\t<\/div>\n\t\t\t\t<\/div>\n\t\t\t\t<div class=\"elementor-element elementor-element-737dea0 elementor-widget elementor-widget-text-editor\" data-id=\"737dea0\" data-element_type=\"widget\" data-e-type=\"widget\" data-widget_type=\"text-editor.default\">\n\t\t\t\t<div class=\"elementor-widget-container\">\n\t\t\t\t\t\t\t\t\t<h3>Fall 1: Ihre E-Mail-Adresse ist noch nicht mit einem Autodesk-Konto verkn\u00fcpft<\/h3><br><img fetchpriority=\"high\" decoding=\"async\" class=\"aligncenter size-full wp-image-5939\" src=\"https:\/\/omegakeys.de\/wp-content\/uploads\/2025\/08\/autodesk-tutorial-01.jpg\" alt=\"\" width=\"512\" height=\"512\" \/><br>Falls Sie noch kein Autodesk-Konto haben:<br><ol>\r\n<li>Sie erhalten eine E-Mail von Autodesk mit einer Einladung zur Erstellung eines Kontos.<\/li>\r\n<li>\u00d6ffnen Sie die E-Mail und klicken Sie auf den Aktivierungsbutton bzw. Link.\r\n<ul>\r\n<li>Sie werden zur Autodesk-Website weitergeleitet, wo Sie Ihre pers\u00f6nlichen Daten eingeben m\u00fcssen (Name, Unternehmen, Land usw.).<\/li>\r\n<li>Erstellen Sie ein Passwort und schlie\u00dfen Sie die Registrierung Ihres Kontos ab.<\/li>\r\n<\/ul>\r\n<\/li>\r\n<li>Melden Sie sich nach der Registrierung in Ihrem neu erstellten Autodesk-Konto an, um auf Ihr Produkt zuzugreifen.<\/li>\r\n<\/ol>\t\t\t\t\t\t\t\t<\/div>\n\t\t\t\t<\/div>\n\t\t\t\t<div class=\"elementor-element elementor-element-f15cdec elementor-widget elementor-widget-konte-message-box\" data-id=\"f15cdec\" data-element_type=\"widget\" data-e-type=\"widget\" data-widget_type=\"konte-message-box.default\">\n\t\t\t\t<div class=\"elementor-widget-container\">\n\t\t\t\t\t\t\t<div class=\"konte-message-box konte-message-box--elementor konte-message-box--warning warning closeable\">\n\t\t\t<span class=\"konte-message-box__icon svg-icon icon-warning\">\n\t\t\t\t<svg width=\"40\" height=\"40\"><use xlink:href=\"#warning\"><\/use><\/svg>\t\t\t<\/span>\n\t\t\t<div class=\"konte-message-box__content\">Bitte beachten Sie, dass es beim E-Mail-System von Autodesk gelegentlich zu Verz\u00f6gerungen kommen kann. Wenn Ihre E-Mail-Adresse bereits mit einem Autodesk-Konto verkn\u00fcpft ist, kann Ihr Produkt Ihrem Konto bereits zugewiesen und dort sichtbar sein, auch wenn die Best\u00e4tigungs-E-Mail noch nicht eingetroffen ist. In einigen F\u00e4llen kann die Zustellung dieser E-Mail mehrere Stunden dauern.<\/div>\n\t\t\t<a class=\"konte-message-box__close close\" href=\"#\"><span class=\"svg-icon icon-close\"><svg width=\"24\" height=\"24\"><use xlink:href=\"#close\"><\/use><\/svg><\/span><\/a>\t\t<\/div>\n\t\t\t\t\t\t<\/div>\n\t\t\t\t<\/div>\n\t\t\t\t<div class=\"elementor-element elementor-element-4f222b8 elementor-widget elementor-widget-text-editor\" data-id=\"4f222b8\" data-element_type=\"widget\" data-e-type=\"widget\" data-widget_type=\"text-editor.default\">\n\t\t\t\t<div class=\"elementor-widget-container\">\n\t\t\t\t\t\t\t\t\t<h3>Fall 2: Ihre E-Mail-Adresse ist bereits mit einem Autodesk-Konto verkn\u00fcpft<\/h3>\n<p><\/p>\n<p>Wenn Ihre E-Mail-Adresse bereits mit einem Autodesk-Konto verbunden ist:<\/p>\n<p><\/p>\n<ol>\n<li>Sie erhalten eine E-Mail-Benachrichtigung von Autodesk, die best\u00e4tigt, dass das Produkt Ihrem Konto zugewiesen wurde.<\/li>\n<li>Melden Sie sich \u00fcber Autodesk Account Management in Ihrem Autodesk-Konto an.<\/li>\n<li>Das gekaufte Produkt sollte automatisch in Ihrem Konto verf\u00fcgbar sein.<\/li>\n<li>Laden Sie die Software herunter und installieren Sie sie.<\/li>\n<\/ol>\n\t\t\t\t\t\t\t\t<\/div>\n\t\t\t\t<\/div>\n\t\t\t\t<div class=\"elementor-element elementor-element-0396010 elementor-widget elementor-widget-konte-message-box\" data-id=\"0396010\" data-element_type=\"widget\" data-e-type=\"widget\" data-widget_type=\"konte-message-box.default\">\n\t\t\t\t<div class=\"elementor-widget-container\">\n\t\t\t\t\t\t\t<div class=\"konte-message-box konte-message-box--elementor konte-message-box--warning warning closeable\">\n\t\t\t<span class=\"konte-message-box__icon svg-icon icon-warning\">\n\t\t\t\t<svg width=\"40\" height=\"40\"><use xlink:href=\"#warning\"><\/use><\/svg>\t\t\t<\/span>\n\t\t\t<div class=\"konte-message-box__content\">Falls das neu zugewiesene Produkt nicht sofort erscheint, melden Sie sich bitte aus Ihrem Autodesk-Konto ab, leeren Sie den Browser-Cache oder versuchen Sie, mit einem anderen Browser auf Ihr Konto zuzugreifen. Dadurch wird Ihre Sitzung aktualisiert und sichergestellt, dass das neue Produkt in Ihrem Autodesk-Konto sichtbar wird.<\/div>\n\t\t\t<a class=\"konte-message-box__close close\" href=\"#\"><span class=\"svg-icon icon-close\"><svg width=\"24\" height=\"24\"><use xlink:href=\"#close\"><\/use><\/svg><\/span><\/a>\t\t<\/div>\n\t\t\t\t\t\t<\/div>\n\t\t\t\t<\/div>\n\t\t\t\t<div class=\"elementor-element elementor-element-5ff2229 elementor-widget elementor-widget-text-editor\" data-id=\"5ff2229\" data-element_type=\"widget\" data-e-type=\"widget\" data-widget_type=\"text-editor.default\">\n\t\t\t\t<div class=\"elementor-widget-container\">\n\t\t\t\t\t\t\t\t\t<h2>Schritt 2: Herunterladen und Installieren Ihres Autodesk-Produkts<\/h2><br><img decoding=\"async\" class=\"aligncenter size-full wp-image-5940\" src=\"https:\/\/omegakeys.de\/wp-content\/uploads\/2025\/08\/autodesk-tutorial-03.jpg\" alt=\"\" width=\"512\" height=\"298\" \/><br><br>Sobald Ihr Autodesk-Konto aktiv ist:<br><ol>\r\n  <li>Gehen Sie zu <span style=\"color: #000080;\"><a style=\"color: #000080;\" href=\"https:\/\/manage.autodesk.com\/products\/all\">https:\/\/manage.autodesk.com\/products\/all<\/a><\/span><\/li>\r\n  <li>Suchen Sie Ihr gekauftes Autodesk-Produkt in der Liste.<\/li>\r\n  <li>Klicken Sie auf <strong>Download<\/strong>, w\u00e4hlen Sie die passende Version f\u00fcr Ihr System und Ihre bevorzugte Sprache aus und starten Sie anschlie\u00dfend die Installation.<\/li>\r\n  <li>Folgen Sie den Anweisungen auf dem Bildschirm, um die Installation abzuschlie\u00dfen.<\/li>\r\n<\/ol>\t\t\t\t\t\t\t\t<\/div>\n\t\t\t\t<\/div>\n\t\t\t\t<div class=\"elementor-element elementor-element-c9af27d elementor-widget elementor-widget-text-editor\" data-id=\"c9af27d\" data-element_type=\"widget\" data-e-type=\"widget\" data-widget_type=\"text-editor.default\">\n\t\t\t\t<div class=\"elementor-widget-container\">\n\t\t\t\t\t\t\t\t\t<h2>Schritt 3: Aktivierung Ihres Autodesk-Produkts<\/h2><br><img decoding=\"async\" class=\"aligncenter size-full wp-image-5941\" src=\"https:\/\/omegakeys.de\/wp-content\/uploads\/2025\/08\/autodesk-tutorial-02.jpg\" alt=\"\" width=\"512\" height=\"244\" \/><br><br>Nach der Installation ist die Aktivierung schnell und einfach:<br><ol>\r\n  <li>\u00d6ffnen Sie die installierte Autodesk-Software.<\/li>\r\n  <li>Wenn Sie dazu aufgefordert werden, klicken Sie auf <strong>Mit Ihrer Autodesk-ID anmelden<\/strong>.<\/li>\r\n  <li>Geben Sie die Zugangsdaten des Autodesk-Kontos ein, das mit der E-Mail-Adresse verkn\u00fcpft ist, die Sie beim Checkout verwendet haben.<\/li>\r\n  <li>Nach der Anmeldung wird Ihr Produkt automatisch aktiviert und ist sofort einsatzbereit.<\/li>\r\n<\/ol>\t\t\t\t\t\t\t\t<\/div>\n\t\t\t\t<\/div>\n\t\t\t\t<div class=\"elementor-element elementor-element-ee17803 elementor-widget elementor-widget-konte-message-box\" data-id=\"ee17803\" data-element_type=\"widget\" data-e-type=\"widget\" data-widget_type=\"konte-message-box.default\">\n\t\t\t\t<div class=\"elementor-widget-container\">\n\t\t\t\t\t\t\t<div class=\"konte-message-box konte-message-box--elementor konte-message-box--info info closeable\">\n\t\t\t<span class=\"konte-message-box__icon svg-icon icon-info\">\n\t\t\t\t<svg width=\"40\" height=\"40\"><use xlink:href=\"#information\"><\/use><\/svg>\t\t\t<\/span>\n\t\t\t<div class=\"konte-message-box__content\"><p>\u00dcber Digital Instant gekaufte Autodesk-Produkte ben\u00f6tigen keinen herk\u00f6mmlichen Lizenzschl\u00fcssel zur Aktivierung. Sobald die Software heruntergeladen und installiert ist, melden Sie sich einfach mit Ihren Autodesk-Kontodaten (E-Mail-Adresse und Passwort) an. Ihr Autodesk-Konto selbst fungiert als Aktivierungsschl\u00fcssel \u2013 auf diese Weise verifiziert und aktiviert Autodesk Ihr Produkt sicher. Eine manuelle Eingabe eines Lizenzschl\u00fcssels oder einer Seriennummer ist nicht erforderlich.<\/p><\/div>\n\t\t\t<a class=\"konte-message-box__close close\" href=\"#\"><span class=\"svg-icon icon-close\"><svg width=\"24\" height=\"24\"><use xlink:href=\"#close\"><\/use><\/svg><\/span><\/a>\t\t<\/div>\n\t\t\t\t\t\t<\/div>\n\t\t\t\t<\/div>\n\t\t\t\t<div class=\"elementor-element elementor-element-6fcec5b elementor-widget elementor-widget-text-editor\" data-id=\"6fcec5b\" data-element_type=\"widget\" data-e-type=\"widget\" data-widget_type=\"text-editor.default\">\n\t\t\t\t<div class=\"elementor-widget-container\">\n\t\t\t\t\t\t\t\t\t<h2>H\u00e4ufig gestellte Fragen (FAQ)<\/h2>\n<h3>1. Ich habe keine E-Mail von Autodesk erhalten. Was soll ich tun?<\/h3>\n<p><\/p>\n<p>Wenn Sie nach Ihrem Kauf keine E-Mail von Autodesk erhalten haben, gehen Sie bitte wie folgt vor:<\/p>\n<p><\/p>\n<ol>\n<li>Pr\u00fcfen Sie Ihren Spam-\/Junk-Ordner \u2013 Autodesk-E-Mails k\u00f6nnen gelegentlich dort landen.<\/li>\n<li>Warten Sie einige Minuten \u2013 Die Zustellung kann in manchen F\u00e4llen etwas l\u00e4nger dauern.<\/li>\n<li>\u00dcberpr\u00fcfen Sie Ihre E-Mail-Adresse \u2013 Stellen Sie sicher, dass die beim Checkout verwendete E-Mail-Adresse mit der Adresse \u00fcbereinstimmt, die Sie pr\u00fcfen.<\/li>\n<li>Kontaktieren Sie den Digital Instant Support \u2013 Wenn Sie weiterhin keine E-Mail erhalten haben, wenden Sie sich bitte per Live-Chat an unser Support-Team. Wir helfen Ihnen, Ihre Bestellung zu pr\u00fcfen und sicherzustellen, dass Ihr Produkt korrekt zugewiesen wurde.<\/li>\n<\/ol>\n<h3>2. Auf wie vielen Ger\u00e4ten kann ich Autodesk installieren?<\/h3>\n<p><\/p>\n<p>Autodesk-Produkte sind in der Regel <strong>f\u00fcr ein Ger\u00e4t<\/strong> pro Benutzer lizenziert. Bitte beachten Sie f\u00fcr weitere Details die Autodesk-Lizenzbedingungen.<\/p>\n<h3>3. Ich habe mich angemeldet, aber mein Produkt wird nicht angezeigt. Was soll ich tun?<\/h3>\n<p><\/p>\n<ol>\n<li>\u00dcberpr\u00fcfen Sie Ihre E-Mail-Adresse \u2013 Stellen Sie sicher, dass Sie sich mit derselben E-Mail-Adresse anmelden, die Sie beim Checkout verwendet haben. Das Produkt ist ausschlie\u00dflich mit dieser Adresse verkn\u00fcpft.<\/li>\n<li>Melden Sie sich ab und wieder an \u2013 Eine Aktualisierung Ihrer Sitzung kann helfen. Melden Sie sich von Ihrem Autodesk-Konto ab und erneut an.<\/li>\n<li>Pr\u00fcfen Sie den Bereich \u201eAlle Produkte und Services\u201c \u2013 Besuchen Sie <span style=\"color: #3366ff;\">https:\/\/manage.autodesk.com\/products\/all<\/span> und pr\u00fcfen Sie, ob das Produkt dort angezeigt wird.<\/li>\n<li>Kontaktieren Sie den Support \u2013 Wenn das Produkt weiterhin nicht erscheint, wenden Sie sich bitte per Live-Chat an den Digital Instant Support, um weitere Hilfe zu erhalten.<\/li>\n<\/ol>\n\t\t\t\t\t\t\t\t<\/div>\n\t\t\t\t<\/div>\n\t\t\t\t\t<\/div>\n\t\t<\/div>\n\t\t\t\t\t<\/div>\n\t\t<\/section>\n\t\t\t\t<\/div>\n\t\t","protected":false},"excerpt":{"rendered":"<p>Bestellungen au\u00dferhalb unserer Bearbeitungszeiten (10:00\u201318:00 CET \/ UTC+1) werden vollst\u00e4ndig best\u00e4tigt und sicher f\u00fcr das n\u00e4chste Bearbeitungsfenster vorgemerkt. Ihre Lizenz wird automatisch zugestellt, sobald unser Fulfillment-Team den Betrieb um 10:00&hellip;<\/p>\n","protected":false},"author":1,"featured_media":0,"parent":0,"menu_order":0,"comment_status":"closed","ping_status":"closed","template":"","meta":{"footnotes":""},"class_list":["post-14855","page","type-page","status-publish","hentry"],"jetpack_sharing_enabled":true,"_links":{"self":[{"href":"https:\/\/digitinstant.com\/de\/wp-json\/wp\/v2\/pages\/14855","targetHints":{"allow":["GET"]}}],"collection":[{"href":"https:\/\/digitinstant.com\/de\/wp-json\/wp\/v2\/pages"}],"about":[{"href":"https:\/\/digitinstant.com\/de\/wp-json\/wp\/v2\/types\/page"}],"author":[{"embeddable":true,"href":"https:\/\/digitinstant.com\/de\/wp-json\/wp\/v2\/users\/1"}],"replies":[{"embeddable":true,"href":"https:\/\/digitinstant.com\/de\/wp-json\/wp\/v2\/comments?post=14855"}],"version-history":[{"count":1,"href":"https:\/\/digitinstant.com\/de\/wp-json\/wp\/v2\/pages\/14855\/revisions"}],"predecessor-version":[{"id":14856,"href":"https:\/\/digitinstant.com\/de\/wp-json\/wp\/v2\/pages\/14855\/revisions\/14856"}],"wp:attachment":[{"href":"https:\/\/digitinstant.com\/de\/wp-json\/wp\/v2\/media?parent=14855"}],"curies":[{"name":"wp","href":"https:\/\/api.w.org\/{rel}","templated":true}]}}